{"id":99,"date":"2025-07-17T16:29:38","date_gmt":"2025-07-17T14:29:38","guid":{"rendered":"https:\/\/aktywnybialystok.com.pl\/?page_id=99"},"modified":"2025-08-04T15:21:14","modified_gmt":"2025-08-04T13:21:14","slug":"misja","status":"publish","type":"page","link":"https:\/\/aktywnybialystok.com.pl\/?page_id=99","title":{"rendered":"Misja"},"content":{"rendered":"\n<p>Nasz\u0105 misj\u0105 jest promocja sportu w Bia\u0142ymstoku I najbli\u017cszych okolicach. B\u0119dziemy wspiera\u0107 kluby, zawodnik\u00f3w I dzia\u0142aczy. Od czasu do czasu zaproponujemy sposoby na relaks, odpoczynek. <\/p>\n","protected":false},"excerpt":{"rendered":"<p>Nasz\u0105 misj\u0105 jest promocja sportu w Bia\u0142ymstoku I najbli\u017cszych okolicach. B\u0119dziemy wspiera\u0107 kluby, zawodnik\u00f3w I dzia\u0142aczy. Od czasu do czasu zaproponujemy sposoby na relaks, odpoczynek.<\/p>\n","protected":false},"author":2,"featured_media":0,"parent":0,"menu_order":0,"comment_status":"closed","ping_status":"closed","template":"","meta":{"footnotes":""},"class_list":["post-99","page","type-page","status-publish","hentry"],"_links":{"self":[{"href":"https:\/\/aktywnybialystok.com.pl\/index.php?rest_route=\/wp\/v2\/pages\/99","targetHints":{"allow":["GET"]}}],"collection":[{"href":"https:\/\/aktywnybialystok.com.pl\/index.php?rest_route=\/wp\/v2\/pages"}],"about":[{"href":"https:\/\/aktywnybialystok.com.pl\/index.php?rest_route=\/wp\/v2\/types\/page"}],"author":[{"embeddable":true,"href":"https:\/\/aktywnybialystok.com.pl\/index.php?rest_route=\/wp\/v2\/users\/2"}],"replies":[{"embeddable":true,"href":"https:\/\/aktywnybialystok.com.pl\/index.php?rest_route=%2Fwp%2Fv2%2Fcomments&post=99"}],"version-history":[{"count":3,"href":"https:\/\/aktywnybialystok.com.pl\/index.php?rest_route=\/wp\/v2\/pages\/99\/revisions"}],"predecessor-version":[{"id":226,"href":"https:\/\/aktywnybialystok.com.pl\/index.php?rest_route=\/wp\/v2\/pages\/99\/revisions\/226"}],"wp:attachment":[{"href":"https:\/\/aktywnybialystok.com.pl\/index.php?rest_route=%2Fwp%2Fv2%2Fmedia&parent=99"}],"curies":[{"name":"wp","href":"https:\/\/api.w.org\/{rel}","templated":true}]}}