{"id":101,"date":"2025-07-17T16:29:56","date_gmt":"2025-07-17T14:29:56","guid":{"rendered":"https:\/\/aktywnybialystok.com.pl\/?page_id=101"},"modified":"2025-08-05T14:07:01","modified_gmt":"2025-08-05T12:07:01","slug":"reklama","status":"publish","type":"page","link":"https:\/\/aktywnybialystok.com.pl\/?page_id=101","title":{"rendered":"Reklama"},"content":{"rendered":"\n<p>Oferujemy bardzo szeroki wachlarz reklamy. Zar\u00f3wno na naszej stronie internetowej jak i w social mediach. Mo\u017cemy r\u00f3wnie\u017c promowa\u0107 kluby I firmy poprzez materia\u0142y reklamowe oraz filmy video.<\/p>\n\n\n\n<p>Zapraszamy do zapoznania si\u0119 z ofert\u0105. <\/p>\n\n\n\n<p>Kontakt: reklama.aktywnybialystok@gmail.com<\/p>\n","protected":false},"excerpt":{"rendered":"<p>Oferujemy bardzo szeroki wachlarz reklamy. Zar\u00f3wno na naszej stronie internetowej jak i w social mediach. Mo\u017cemy r\u00f3wnie\u017c promowa\u0107 kluby I firmy poprzez materia\u0142y reklamowe oraz filmy video. Zapraszamy do zapoznania si\u0119 z ofert\u0105. Kontakt: reklama.aktywnybialystok@gmail.com<\/p>\n","protected":false},"author":2,"featured_media":0,"parent":0,"menu_order":0,"comment_status":"closed","ping_status":"closed","template":"","meta":{"footnotes":""},"class_list":["post-101","page","type-page","status-publish","hentry"],"_links":{"self":[{"href":"https:\/\/aktywnybialystok.com.pl\/index.php?rest_route=\/wp\/v2\/pages\/101","targetHints":{"allow":["GET"]}}],"collection":[{"href":"https:\/\/aktywnybialystok.com.pl\/index.php?rest_route=\/wp\/v2\/pages"}],"about":[{"href":"https:\/\/aktywnybialystok.com.pl\/index.php?rest_route=\/wp\/v2\/types\/page"}],"author":[{"embeddable":true,"href":"https:\/\/aktywnybialystok.com.pl\/index.php?rest_route=\/wp\/v2\/users\/2"}],"replies":[{"embeddable":true,"href":"https:\/\/aktywnybialystok.com.pl\/index.php?rest_route=%2Fwp%2Fv2%2Fcomments&post=101"}],"version-history":[{"count":4,"href":"https:\/\/aktywnybialystok.com.pl\/index.php?rest_route=\/wp\/v2\/pages\/101\/revisions"}],"predecessor-version":[{"id":234,"href":"https:\/\/aktywnybialystok.com.pl\/index.php?rest_route=\/wp\/v2\/pages\/101\/revisions\/234"}],"wp:attachment":[{"href":"https:\/\/aktywnybialystok.com.pl\/index.php?rest_route=%2Fwp%2Fv2%2Fmedia&parent=101"}],"curies":[{"name":"wp","href":"https:\/\/api.w.org\/{rel}","templated":true}]}}